{"id":5927,"date":"2018-11-20T13:36:02","date_gmt":"2018-11-20T12:36:02","guid":{"rendered":"https:\/\/www.cromedico.com\/domovi-za-starije-zagreb\/"},"modified":"2024-10-26T12:38:56","modified_gmt":"2024-10-26T10:38:56","slug":"domovi-za-starejse-mesto-zagreb","status":"publish","type":"page","link":"https:\/\/www.cromedico.com\/sl\/domovi-za-starejse-mesto-zagreb\/","title":{"rendered":"Domovi za Starej\u0161e Mesto Zagreb"},"content":{"rendered":"<div class=\"wpb-content-wrapper\"><p>[vc_row css_animation=&#8221;&#8221; row_type=&#8221;row&#8221; use_row_as_full_screen_section=&#8221;no&#8221; type=&#8221;grid&#8221; angled_section=&#8221;no&#8221; text_align=&#8221;left&#8221; background_image_as_pattern=&#8221;without_pattern&#8221; padding_top=&#8221;50&#8243; padding_bottom=&#8221;50&#8243; z_index=&#8221;&#8221;][vc_column][vc_column_text]<\/p>\n<h2 style=\"text-align: center;\">Domovi za starej\u0161e v Mestu Zagreb<\/h2>\n<p>[\/vc_column_text][vc_separator type=&#8221;normal&#8221; color=&#8221;#b5b5b5&#8243;][vc_column_text]<\/p>\n<h3 style=\"text-align: center;\">Mnenja o domovih za starej\u0161e, priporo\u010dila in izku\u0161nje drugih uporabnikov ter ostale informacije o domovih za starej\u0161e na Hrva\u0161kem.<\/h3>\n<p>&nbsp;<\/p>\n<p>[\/vc_column_text][vc_separator type=&#8221;normal&#8221; color=&#8221;#b5b5b5&#8243;][vc_empty_space]<div class=\"qode-tours-list-holder qode-tours-row qode-small-space  qode-tours-columns-3 qode-tours-type-standard\">\n\t\t\t<p>Ni medicinskih ustanov, ki ustrezajo va\u0161im kriterijem<\/p>\n\t\t<\/div>[\/vc_column][\/vc_row][vc_row css_animation=&#8221;&#8221; row_type=&#8221;row&#8221; use_row_as_full_screen_section=&#8221;no&#8221; type=&#8221;full_width&#8221; angled_section=&#8221;no&#8221; text_align=&#8221;left&#8221; background_image_as_pattern=&#8221;without_pattern&#8221;][vc_column][\/vc_column][\/vc_row]<\/p>\n<\/div>","protected":false},"excerpt":{"rendered":"<p>[vc_row css_animation=&#8221;&#8221; row_type=&#8221;row&#8221; use_row_as_full_screen_section=&#8221;no&#8221; type=&#8221;grid&#8221; angled_section=&#8221;no&#8221; text_align=&#8221;left&#8221; background_image_as_pattern=&#8221;without_pattern&#8221; padding_top=&#8221;50&#8243; padding_bottom=&#8221;50&#8243; z_index=&#8221;&#8221;][vc_column][vc_column_text] Domovi za starej\u0161e v Mestu Zagreb [\/vc_column_text][vc_separator type=&#8221;normal&#8221; color=&#8221;#b5b5b5&#8243;][vc_column_text] Mnenja o domovih za starej\u0161e, priporo\u010dila in izku\u0161nje drugih uporabnikov ter ostale informacije o domovih za starej\u0161e na Hrva\u0161kem. &nbsp; [\/vc_column_text][vc_separator type=&#8221;normal&#8221; color=&#8221;#b5b5b5&#8243;][vc_empty_space][\/vc_column][\/vc_row][vc_row css_animation=&#8221;&#8221; row_type=&#8221;row&#8221;&#8230;<\/p>\n","protected":false},"author":1,"featured_media":0,"parent":0,"menu_order":0,"comment_status":"closed","ping_status":"closed","template":"full_width.php","meta":{"footnotes":""},"class_list":["post-5927","page","type-page","status-publish","hentry"],"yoast_head":"<!-- This site is optimized with the Yoast SEO Premium plugin v23.7 (Yoast SEO v25.2) - https:\/\/yoast.com\/wordpress\/plugins\/seo\/ -->\n<title>Domovi za Starej\u0161e Mesto Zagreb - CroMedico<\/title>\n<meta name=\"description\" content=\"Mnenja o domovih za starej\u0161e, priporo\u010dila in izku\u0161nje drugih uporabnikov ter ostale informacije o domovih za starej\u0161e na Hrva\u0161kem.\" \/>\n<meta name=\"robots\" content=\"index, follow, max-snippet:-1, max-image-preview:large, max-video-preview:-1\" \/>\n<link rel=\"canonical\" href=\"https:\/\/www.cromedico.com\/sl\/domovi-za-starejse-mesto-zagreb\/\" \/>\n<meta property=\"og:locale\" content=\"sl_SI\" \/>\n<meta property=\"og:type\" content=\"article\" \/>\n<meta property=\"og:title\" content=\"Domovi za Starej\u0161e Mesto Zagreb\" \/>\n<meta property=\"og:description\" content=\"Mnenja o domovih za starej\u0161e, priporo\u010dila in izku\u0161nje drugih uporabnikov ter ostale informacije o domovih za starej\u0161e na Hrva\u0161kem.\" \/>\n<meta property=\"og:url\" content=\"https:\/\/www.cromedico.com\/sl\/domovi-za-starejse-mesto-zagreb\/\" \/>\n<meta property=\"og:site_name\" content=\"CroMedico\" \/>\n<meta property=\"article:modified_time\" content=\"2024-10-26T10:38:56+00:00\" \/>\n<meta name=\"twitter:card\" content=\"summary_large_image\" \/>\n<meta name=\"twitter:label1\" content=\"Est. reading time\" \/>\n\t<meta name=\"twitter:data1\" content=\"1 minuta\" \/>\n<script type=\"application\/ld+json\" class=\"yoast-schema-graph\">{\"@context\":\"https:\/\/schema.org\",\"@graph\":[{\"@type\":\"WebPage\",\"@id\":\"https:\/\/www.cromedico.com\/sl\/domovi-za-starejse-mesto-zagreb\/\",\"url\":\"https:\/\/www.cromedico.com\/sl\/domovi-za-starejse-mesto-zagreb\/\",\"name\":\"Domovi za Starej\u0161e Mesto Zagreb - CroMedico\",\"isPartOf\":{\"@id\":\"https:\/\/www.cromedico.com\/sl\/#website\"},\"datePublished\":\"2018-11-20T12:36:02+00:00\",\"dateModified\":\"2024-10-26T10:38:56+00:00\",\"description\":\"Mnenja o domovih za starej\u0161e, priporo\u010dila in izku\u0161nje drugih uporabnikov ter ostale informacije o domovih za starej\u0161e na Hrva\u0161kem.\",\"breadcrumb\":{\"@id\":\"https:\/\/www.cromedico.com\/sl\/domovi-za-starejse-mesto-zagreb\/#breadcrumb\"},\"inLanguage\":\"sl-SI\",\"potentialAction\":[{\"@type\":\"ReadAction\",\"target\":[\"https:\/\/www.cromedico.com\/sl\/domovi-za-starejse-mesto-zagreb\/\"]}]},{\"@type\":\"BreadcrumbList\",\"@id\":\"https:\/\/www.cromedico.com\/sl\/domovi-za-starejse-mesto-zagreb\/#breadcrumb\",\"itemListElement\":[{\"@type\":\"ListItem\",\"position\":1,\"name\":\"Po\u010detna stranica\",\"item\":\"https:\/\/www.cromedico.com\/sl\/\"},{\"@type\":\"ListItem\",\"position\":2,\"name\":\"Domovi za Starej\u0161e Mesto Zagreb\"}]},{\"@type\":\"WebSite\",\"@id\":\"https:\/\/www.cromedico.com\/sl\/#website\",\"url\":\"https:\/\/www.cromedico.com\/sl\/\",\"name\":\"CroMedico.com\",\"description\":\"- Privatne medicinske ustanove i ordinacije u Hrvatskoj.\",\"publisher\":{\"@id\":\"https:\/\/www.cromedico.com\/sl\/#organization\"},\"potentialAction\":[{\"@type\":\"SearchAction\",\"target\":{\"@type\":\"EntryPoint\",\"urlTemplate\":\"https:\/\/www.cromedico.com\/sl\/?s={search_term_string}\"},\"query-input\":{\"@type\":\"PropertyValueSpecification\",\"valueRequired\":true,\"valueName\":\"search_term_string\"}}],\"inLanguage\":\"sl-SI\"},{\"@type\":\"Organization\",\"@id\":\"https:\/\/www.cromedico.com\/sl\/#organization\",\"name\":\"CroMedico.com\",\"url\":\"https:\/\/www.cromedico.com\/sl\/\",\"logo\":{\"@type\":\"ImageObject\",\"inLanguage\":\"sl-SI\",\"@id\":\"https:\/\/www.cromedico.com\/sl\/#\/schema\/logo\/image\/\",\"url\":\"https:\/\/www.cromedico.com\/wp-content\/uploads\/2018\/04\/medinfo_logo_002.png\",\"contentUrl\":\"https:\/\/www.cromedico.com\/wp-content\/uploads\/2018\/04\/medinfo_logo_002.png\",\"width\":200,\"height\":56,\"caption\":\"CroMedico.com\"},\"image\":{\"@id\":\"https:\/\/www.cromedico.com\/sl\/#\/schema\/logo\/image\/\"}}]}<\/script>\n<!-- \/ Yoast SEO Premium plugin. -->","yoast_head_json":{"title":"Domovi za Starej\u0161e Mesto Zagreb - CroMedico","description":"Mnenja o domovih za starej\u0161e, priporo\u010dila in izku\u0161nje drugih uporabnikov ter ostale informacije o domovih za starej\u0161e na Hrva\u0161kem.","robots":{"index":"index","follow":"follow","max-snippet":"max-snippet:-1","max-image-preview":"max-image-preview:large","max-video-preview":"max-video-preview:-1"},"canonical":"https:\/\/www.cromedico.com\/sl\/domovi-za-starejse-mesto-zagreb\/","og_locale":"sl_SI","og_type":"article","og_title":"Domovi za Starej\u0161e Mesto Zagreb","og_description":"Mnenja o domovih za starej\u0161e, priporo\u010dila in izku\u0161nje drugih uporabnikov ter ostale informacije o domovih za starej\u0161e na Hrva\u0161kem.","og_url":"https:\/\/www.cromedico.com\/sl\/domovi-za-starejse-mesto-zagreb\/","og_site_name":"CroMedico","article_modified_time":"2024-10-26T10:38:56+00:00","twitter_card":"summary_large_image","twitter_misc":{"Est. reading time":"1 minuta"},"schema":{"@context":"https:\/\/schema.org","@graph":[{"@type":"WebPage","@id":"https:\/\/www.cromedico.com\/sl\/domovi-za-starejse-mesto-zagreb\/","url":"https:\/\/www.cromedico.com\/sl\/domovi-za-starejse-mesto-zagreb\/","name":"Domovi za Starej\u0161e Mesto Zagreb - CroMedico","isPartOf":{"@id":"https:\/\/www.cromedico.com\/sl\/#website"},"datePublished":"2018-11-20T12:36:02+00:00","dateModified":"2024-10-26T10:38:56+00:00","description":"Mnenja o domovih za starej\u0161e, priporo\u010dila in izku\u0161nje drugih uporabnikov ter ostale informacije o domovih za starej\u0161e na Hrva\u0161kem.","breadcrumb":{"@id":"https:\/\/www.cromedico.com\/sl\/domovi-za-starejse-mesto-zagreb\/#breadcrumb"},"inLanguage":"sl-SI","potentialAction":[{"@type":"ReadAction","target":["https:\/\/www.cromedico.com\/sl\/domovi-za-starejse-mesto-zagreb\/"]}]},{"@type":"BreadcrumbList","@id":"https:\/\/www.cromedico.com\/sl\/domovi-za-starejse-mesto-zagreb\/#breadcrumb","itemListElement":[{"@type":"ListItem","position":1,"name":"Po\u010detna stranica","item":"https:\/\/www.cromedico.com\/sl\/"},{"@type":"ListItem","position":2,"name":"Domovi za Starej\u0161e Mesto Zagreb"}]},{"@type":"WebSite","@id":"https:\/\/www.cromedico.com\/sl\/#website","url":"https:\/\/www.cromedico.com\/sl\/","name":"CroMedico.com","description":"- Privatne medicinske ustanove i ordinacije u Hrvatskoj.","publisher":{"@id":"https:\/\/www.cromedico.com\/sl\/#organization"},"potentialAction":[{"@type":"SearchAction","target":{"@type":"EntryPoint","urlTemplate":"https:\/\/www.cromedico.com\/sl\/?s={search_term_string}"},"query-input":{"@type":"PropertyValueSpecification","valueRequired":true,"valueName":"search_term_string"}}],"inLanguage":"sl-SI"},{"@type":"Organization","@id":"https:\/\/www.cromedico.com\/sl\/#organization","name":"CroMedico.com","url":"https:\/\/www.cromedico.com\/sl\/","logo":{"@type":"ImageObject","inLanguage":"sl-SI","@id":"https:\/\/www.cromedico.com\/sl\/#\/schema\/logo\/image\/","url":"https:\/\/www.cromedico.com\/wp-content\/uploads\/2018\/04\/medinfo_logo_002.png","contentUrl":"https:\/\/www.cromedico.com\/wp-content\/uploads\/2018\/04\/medinfo_logo_002.png","width":200,"height":56,"caption":"CroMedico.com"},"image":{"@id":"https:\/\/www.cromedico.com\/sl\/#\/schema\/logo\/image\/"}}]}},"_links":{"self":[{"href":"https:\/\/www.cromedico.com\/sl\/wp-json\/wp\/v2\/pages\/5927","targetHints":{"allow":["GET"]}}],"collection":[{"href":"https:\/\/www.cromedico.com\/sl\/wp-json\/wp\/v2\/pages"}],"about":[{"href":"https:\/\/www.cromedico.com\/sl\/wp-json\/wp\/v2\/types\/page"}],"author":[{"embeddable":true,"href":"https:\/\/www.cromedico.com\/sl\/wp-json\/wp\/v2\/users\/1"}],"replies":[{"embeddable":true,"href":"https:\/\/www.cromedico.com\/sl\/wp-json\/wp\/v2\/comments?post=5927"}],"version-history":[{"count":3,"href":"https:\/\/www.cromedico.com\/sl\/wp-json\/wp\/v2\/pages\/5927\/revisions"}],"predecessor-version":[{"id":6398,"href":"https:\/\/www.cromedico.com\/sl\/wp-json\/wp\/v2\/pages\/5927\/revisions\/6398"}],"wp:attachment":[{"href":"https:\/\/www.cromedico.com\/sl\/wp-json\/wp\/v2\/media?parent=5927"}],"curies":[{"name":"wp","href":"https:\/\/api.w.org\/{rel}","templated":true}]}}