{"id":5858,"date":"2018-04-19T08:24:22","date_gmt":"2018-04-19T08:24:22","guid":{"rendered":"https:\/\/www.cromedico.com\/about-us\/"},"modified":"2024-10-25T17:42:04","modified_gmt":"2024-10-25T15:42:04","slug":"about-us","status":"publish","type":"page","link":"https:\/\/www.cromedico.com\/en\/about-us\/","title":{"rendered":"O portalu"},"content":{"rendered":"<div class=\"wpb-content-wrapper\"><p>[vc_row css_animation=&#8221;&#8221; row_type=&#8221;row&#8221; use_row_as_full_screen_section=&#8221;no&#8221; type=&#8221;full_width&#8221; angled_section=&#8221;no&#8221; text_align=&#8221;left&#8221; background_image_as_pattern=&#8221;without_pattern&#8221; padding_top=&#8221;50&#8243; z_index=&#8221;&#8221;][vc_column][vc_column_text]<\/p>\n<h2 style=\"text-align: center;\">O portalu CroMedico<\/h2>\n<p>[\/vc_column_text][vc_separator type=&#8221;normal&#8221; color=&#8221;#b5b5b5&#8243; up=&#8221;25&#8243; down=&#8221;25&#8243;][\/vc_column][\/vc_row][vc_row css_animation=&#8221;&#8221; row_type=&#8221;row&#8221; use_row_as_full_screen_section=&#8221;no&#8221; type=&#8221;grid&#8221; angled_section=&#8221;no&#8221; text_align=&#8221;left&#8221; background_image_as_pattern=&#8221;without_pattern&#8221; padding_top=&#8221;50&#8243; padding_bottom=&#8221;50&#8243; z_index=&#8221;&#8221;][vc_column offset=&#8221;vc_col-md-6&#8243;][vc_single_image image=&#8221;5346&#8243; img_size=&#8221;full&#8221; qode_css_animation=&#8221;&#8221;][vc_empty_space height=&#8221;30px&#8221;][\/vc_column][vc_column offset=&#8221;vc_col-md-6&#8243;][qode_elements_holder number_of_columns=&#8221;one_column&#8221;][qode_elements_holder_item advanced_animations=&#8221;no&#8221; item_padding=&#8221;0px 0px 0 19px&#8221;][vc_separator type=&#8221;transparent&#8221; up=&#8221;-18&#8243;][vc_column_text]<\/p>\n<h3>\u0160to i kako radimo<\/h3>\n<p>[\/vc_column_text][vc_empty_space height=&#8221;20px&#8221;][vc_column_text]<\/p>\n<h5>Predstavljamo Vam na\u0161 portal Cromedico.com, inovativnu platformu posve\u0107enu promociji medicinskog turizma u Hrvatskoj. Na\u0161a misija je na jednostavan i u\u010dinkovit na\u010din povezati inozemne pacijente s vrhunskim medicinskim uslugama i stru\u010dnjacima, nude\u0107i im sveobuhvatan vodi\u010d kroz zdravstvene usluge u regiji.<\/h5>\n<p>[\/vc_column_text][vc_empty_space height=&#8221;34px&#8221;][vc_column_text]Na\u0161 cilj je pomo\u0107i privatnim medicinskim ustanovama, stomatolozima i domovima za starije da optimiziraju svoje poslovanje i pove\u0107aju vidljivost me\u0111u me\u0111unarodnim korisnicima. Suradnja s nama nudi nekoliko klju\u010dnih prednosti:<\/p>\n<p>Prilago\u0111eni modeli promocije koji omogu\u0107uju ustanovama da privuku pacijente iz inozemstva, a time pove\u0107aju prihode i zadr\u017ee visoku kvalitetu usluge.<br \/>\nPro\u0161irenje poslovanja izvan lokalne zajednice \u2013 dosegnite pacijente koji tra\u017ee povoljnije opcije u prirodnim okru\u017eenjima, daleko od urbanih gu\u017evi i ve\u0107ih tro\u0161kova.<br \/>\nPove\u0107anje transparentnosti \u2013 Pru\u017eanje klju\u010dnih informacija o va\u0161im uslugama na jednoj platformi olak\u0161ava korisnicima odabir va\u0161eg doma za starije ili klinike.<br \/>\n[\/vc_column_text][vc_empty_space height=&#8221;36px&#8221;][vc_single_image image=&#8221;310&#8243; img_size=&#8221;full&#8221; qode_css_animation=&#8221;&#8221;][\/qode_elements_holder_item][\/qode_elements_holder][vc_empty_space height=&#8221;30px&#8221;][\/vc_column][\/vc_row]<\/p>\n<\/div>","protected":false},"excerpt":{"rendered":"<p>[vc_row css_animation=&#8221;&#8221; row_type=&#8221;row&#8221; use_row_as_full_screen_section=&#8221;no&#8221; type=&#8221;full_width&#8221; angled_section=&#8221;no&#8221; text_align=&#8221;left&#8221; background_image_as_pattern=&#8221;without_pattern&#8221; padding_top=&#8221;50&#8243; z_index=&#8221;&#8221;][vc_column][vc_column_text] O portalu CroMedico [\/vc_column_text][vc_separator type=&#8221;normal&#8221; color=&#8221;#b5b5b5&#8243; up=&#8221;25&#8243; down=&#8221;25&#8243;][\/vc_column][\/vc_row][vc_row css_animation=&#8221;&#8221; row_type=&#8221;row&#8221; use_row_as_full_screen_section=&#8221;no&#8221; type=&#8221;grid&#8221; angled_section=&#8221;no&#8221; text_align=&#8221;left&#8221; background_image_as_pattern=&#8221;without_pattern&#8221; padding_top=&#8221;50&#8243; padding_bottom=&#8221;50&#8243; z_index=&#8221;&#8221;][vc_column offset=&#8221;vc_col-md-6&#8243;][vc_single_image image=&#8221;5346&#8243; img_size=&#8221;full&#8221; qode_css_animation=&#8221;&#8221;][vc_empty_space height=&#8221;30px&#8221;][\/vc_column][vc_column offset=&#8221;vc_col-md-6&#8243;][qode_elements_holder number_of_columns=&#8221;one_column&#8221;][qode_elements_holder_item advanced_animations=&#8221;no&#8221; item_padding=&#8221;0px 0px 0 19px&#8221;][vc_separator type=&#8221;transparent&#8221; up=&#8221;-18&#8243;][vc_column_text] \u0160to i kako&#8230;<\/p>\n","protected":false},"author":1,"featured_media":0,"parent":0,"menu_order":0,"comment_status":"closed","ping_status":"closed","template":"full_width.php","meta":{"footnotes":""},"class_list":["post-5858","page","type-page","status-publish","hentry"],"yoast_head":"<!-- This site is optimized with the Yoast SEO Premium plugin v23.7 (Yoast SEO v25.2) - https:\/\/yoast.com\/wordpress\/plugins\/seo\/ -->\n<title>O portalu - CroMedico<\/title>\n<meta name=\"robots\" content=\"index, follow, max-snippet:-1, max-image-preview:large, max-video-preview:-1\" \/>\n<link rel=\"canonical\" href=\"https:\/\/www.cromedico.com\/en\/about-us\/\" \/>\n<meta property=\"og:locale\" content=\"en_US\" \/>\n<meta property=\"og:type\" content=\"article\" \/>\n<meta property=\"og:title\" content=\"O portalu\" \/>\n<meta property=\"og:description\" content=\"[vc_row css_animation=&#8221;&#8221; row_type=&#8221;row&#8221; use_row_as_full_screen_section=&#8221;no&#8221; type=&#8221;full_width&#8221; angled_section=&#8221;no&#8221; text_align=&#8221;left&#8221; background_image_as_pattern=&#8221;without_pattern&#8221; padding_top=&#8221;50&#8243; z_index=&#8221;&#8221;][vc_column][vc_column_text] O portalu CroMedico [\/vc_column_text][vc_separator type=&#8221;normal&#8221; color=&#8221;#b5b5b5&#8243; up=&#8221;25&#8243; down=&#8221;25&#8243;][\/vc_column][\/vc_row][vc_row css_animation=&#8221;&#8221; row_type=&#8221;row&#8221; use_row_as_full_screen_section=&#8221;no&#8221; type=&#8221;grid&#8221; angled_section=&#8221;no&#8221; text_align=&#8221;left&#8221; background_image_as_pattern=&#8221;without_pattern&#8221; padding_top=&#8221;50&#8243; padding_bottom=&#8221;50&#8243; z_index=&#8221;&#8221;][vc_column offset=&#8221;vc_col-md-6&#8243;][vc_single_image image=&#8221;5346&#8243; img_size=&#8221;full&#8221; qode_css_animation=&#8221;&#8221;][vc_empty_space height=&#8221;30px&#8221;][\/vc_column][vc_column offset=&#8221;vc_col-md-6&#8243;][qode_elements_holder number_of_columns=&#8221;one_column&#8221;][qode_elements_holder_item advanced_animations=&#8221;no&#8221; item_padding=&#8221;0px 0px 0 19px&#8221;][vc_separator type=&#8221;transparent&#8221; up=&#8221;-18&#8243;][vc_column_text] \u0160to i kako...\" \/>\n<meta property=\"og:url\" content=\"https:\/\/www.cromedico.com\/en\/about-us\/\" \/>\n<meta property=\"og:site_name\" content=\"CroMedico\" \/>\n<meta property=\"article:modified_time\" content=\"2024-10-25T15:42:04+00:00\" \/>\n<meta name=\"twitter:card\" content=\"summary_large_image\" \/>\n<meta name=\"twitter:label1\" content=\"Est. reading time\" \/>\n\t<meta name=\"twitter:data1\" content=\"2 minutes\" \/>\n<script type=\"application\/ld+json\" class=\"yoast-schema-graph\">{\"@context\":\"https:\/\/schema.org\",\"@graph\":[{\"@type\":\"WebPage\",\"@id\":\"https:\/\/www.cromedico.com\/en\/about-us\/\",\"url\":\"https:\/\/www.cromedico.com\/en\/about-us\/\",\"name\":\"O portalu - CroMedico\",\"isPartOf\":{\"@id\":\"https:\/\/www.cromedico.com\/en\/#website\"},\"datePublished\":\"2018-04-19T08:24:22+00:00\",\"dateModified\":\"2024-10-25T15:42:04+00:00\",\"breadcrumb\":{\"@id\":\"https:\/\/www.cromedico.com\/en\/about-us\/#breadcrumb\"},\"inLanguage\":\"en-US\",\"potentialAction\":[{\"@type\":\"ReadAction\",\"target\":[\"https:\/\/www.cromedico.com\/en\/about-us\/\"]}]},{\"@type\":\"BreadcrumbList\",\"@id\":\"https:\/\/www.cromedico.com\/en\/about-us\/#breadcrumb\",\"itemListElement\":[{\"@type\":\"ListItem\",\"position\":1,\"name\":\"Po\u010detna stranica\",\"item\":\"https:\/\/www.cromedico.com\/en\/\"},{\"@type\":\"ListItem\",\"position\":2,\"name\":\"O portalu\"}]},{\"@type\":\"WebSite\",\"@id\":\"https:\/\/www.cromedico.com\/en\/#website\",\"url\":\"https:\/\/www.cromedico.com\/en\/\",\"name\":\"CroMedico.com\",\"description\":\"- Privatne medicinske ustanove i ordinacije u Hrvatskoj.\",\"publisher\":{\"@id\":\"https:\/\/www.cromedico.com\/en\/#organization\"},\"potentialAction\":[{\"@type\":\"SearchAction\",\"target\":{\"@type\":\"EntryPoint\",\"urlTemplate\":\"https:\/\/www.cromedico.com\/en\/?s={search_term_string}\"},\"query-input\":{\"@type\":\"PropertyValueSpecification\",\"valueRequired\":true,\"valueName\":\"search_term_string\"}}],\"inLanguage\":\"en-US\"},{\"@type\":\"Organization\",\"@id\":\"https:\/\/www.cromedico.com\/en\/#organization\",\"name\":\"CroMedico.com\",\"url\":\"https:\/\/www.cromedico.com\/en\/\",\"logo\":{\"@type\":\"ImageObject\",\"inLanguage\":\"en-US\",\"@id\":\"https:\/\/www.cromedico.com\/en\/#\/schema\/logo\/image\/\",\"url\":\"https:\/\/www.cromedico.com\/wp-content\/uploads\/2018\/04\/medinfo_logo_002.png\",\"contentUrl\":\"https:\/\/www.cromedico.com\/wp-content\/uploads\/2018\/04\/medinfo_logo_002.png\",\"width\":200,\"height\":56,\"caption\":\"CroMedico.com\"},\"image\":{\"@id\":\"https:\/\/www.cromedico.com\/en\/#\/schema\/logo\/image\/\"}}]}<\/script>\n<!-- \/ Yoast SEO Premium plugin. -->","yoast_head_json":{"title":"O portalu - CroMedico","robots":{"index":"index","follow":"follow","max-snippet":"max-snippet:-1","max-image-preview":"max-image-preview:large","max-video-preview":"max-video-preview:-1"},"canonical":"https:\/\/www.cromedico.com\/en\/about-us\/","og_locale":"en_US","og_type":"article","og_title":"O portalu","og_description":"[vc_row css_animation=&#8221;&#8221; row_type=&#8221;row&#8221; use_row_as_full_screen_section=&#8221;no&#8221; type=&#8221;full_width&#8221; angled_section=&#8221;no&#8221; text_align=&#8221;left&#8221; background_image_as_pattern=&#8221;without_pattern&#8221; padding_top=&#8221;50&#8243; z_index=&#8221;&#8221;][vc_column][vc_column_text] O portalu CroMedico [\/vc_column_text][vc_separator type=&#8221;normal&#8221; color=&#8221;#b5b5b5&#8243; up=&#8221;25&#8243; down=&#8221;25&#8243;][\/vc_column][\/vc_row][vc_row css_animation=&#8221;&#8221; row_type=&#8221;row&#8221; use_row_as_full_screen_section=&#8221;no&#8221; type=&#8221;grid&#8221; angled_section=&#8221;no&#8221; text_align=&#8221;left&#8221; background_image_as_pattern=&#8221;without_pattern&#8221; padding_top=&#8221;50&#8243; padding_bottom=&#8221;50&#8243; z_index=&#8221;&#8221;][vc_column offset=&#8221;vc_col-md-6&#8243;][vc_single_image image=&#8221;5346&#8243; img_size=&#8221;full&#8221; qode_css_animation=&#8221;&#8221;][vc_empty_space height=&#8221;30px&#8221;][\/vc_column][vc_column offset=&#8221;vc_col-md-6&#8243;][qode_elements_holder number_of_columns=&#8221;one_column&#8221;][qode_elements_holder_item advanced_animations=&#8221;no&#8221; item_padding=&#8221;0px 0px 0 19px&#8221;][vc_separator type=&#8221;transparent&#8221; up=&#8221;-18&#8243;][vc_column_text] \u0160to i kako...","og_url":"https:\/\/www.cromedico.com\/en\/about-us\/","og_site_name":"CroMedico","article_modified_time":"2024-10-25T15:42:04+00:00","twitter_card":"summary_large_image","twitter_misc":{"Est. reading time":"2 minutes"},"schema":{"@context":"https:\/\/schema.org","@graph":[{"@type":"WebPage","@id":"https:\/\/www.cromedico.com\/en\/about-us\/","url":"https:\/\/www.cromedico.com\/en\/about-us\/","name":"O portalu - CroMedico","isPartOf":{"@id":"https:\/\/www.cromedico.com\/en\/#website"},"datePublished":"2018-04-19T08:24:22+00:00","dateModified":"2024-10-25T15:42:04+00:00","breadcrumb":{"@id":"https:\/\/www.cromedico.com\/en\/about-us\/#breadcrumb"},"inLanguage":"en-US","potentialAction":[{"@type":"ReadAction","target":["https:\/\/www.cromedico.com\/en\/about-us\/"]}]},{"@type":"BreadcrumbList","@id":"https:\/\/www.cromedico.com\/en\/about-us\/#breadcrumb","itemListElement":[{"@type":"ListItem","position":1,"name":"Po\u010detna stranica","item":"https:\/\/www.cromedico.com\/en\/"},{"@type":"ListItem","position":2,"name":"O portalu"}]},{"@type":"WebSite","@id":"https:\/\/www.cromedico.com\/en\/#website","url":"https:\/\/www.cromedico.com\/en\/","name":"CroMedico.com","description":"- Privatne medicinske ustanove i ordinacije u Hrvatskoj.","publisher":{"@id":"https:\/\/www.cromedico.com\/en\/#organization"},"potentialAction":[{"@type":"SearchAction","target":{"@type":"EntryPoint","urlTemplate":"https:\/\/www.cromedico.com\/en\/?s={search_term_string}"},"query-input":{"@type":"PropertyValueSpecification","valueRequired":true,"valueName":"search_term_string"}}],"inLanguage":"en-US"},{"@type":"Organization","@id":"https:\/\/www.cromedico.com\/en\/#organization","name":"CroMedico.com","url":"https:\/\/www.cromedico.com\/en\/","logo":{"@type":"ImageObject","inLanguage":"en-US","@id":"https:\/\/www.cromedico.com\/en\/#\/schema\/logo\/image\/","url":"https:\/\/www.cromedico.com\/wp-content\/uploads\/2018\/04\/medinfo_logo_002.png","contentUrl":"https:\/\/www.cromedico.com\/wp-content\/uploads\/2018\/04\/medinfo_logo_002.png","width":200,"height":56,"caption":"CroMedico.com"},"image":{"@id":"https:\/\/www.cromedico.com\/en\/#\/schema\/logo\/image\/"}}]}},"_links":{"self":[{"href":"https:\/\/www.cromedico.com\/en\/wp-json\/wp\/v2\/pages\/5858","targetHints":{"allow":["GET"]}}],"collection":[{"href":"https:\/\/www.cromedico.com\/en\/wp-json\/wp\/v2\/pages"}],"about":[{"href":"https:\/\/www.cromedico.com\/en\/wp-json\/wp\/v2\/types\/page"}],"author":[{"embeddable":true,"href":"https:\/\/www.cromedico.com\/en\/wp-json\/wp\/v2\/users\/1"}],"replies":[{"embeddable":true,"href":"https:\/\/www.cromedico.com\/en\/wp-json\/wp\/v2\/comments?post=5858"}],"version-history":[{"count":1,"href":"https:\/\/www.cromedico.com\/en\/wp-json\/wp\/v2\/pages\/5858\/revisions"}],"predecessor-version":[{"id":5865,"href":"https:\/\/www.cromedico.com\/en\/wp-json\/wp\/v2\/pages\/5858\/revisions\/5865"}],"wp:attachment":[{"href":"https:\/\/www.cromedico.com\/en\/wp-json\/wp\/v2\/media?parent=5858"}],"curies":[{"name":"wp","href":"https:\/\/api.w.org\/{rel}","templated":true}]}}